{"id":34,"date":"2026-01-25T20:45:23","date_gmt":"2026-01-25T20:45:23","guid":{"rendered":"https:\/\/denapelem.hu\/?page_id=34"},"modified":"2026-02-15T19:15:21","modified_gmt":"2026-02-15T19:15:21","slug":"adatkezelesi-tajekoztato","status":"publish","type":"page","link":"https:\/\/denapelem.hu\/index.php\/adatkezelesi-tajekoztato\/","title":{"rendered":"Adatkezel\u00e9si t\u00e1j\u00e9koztat\u00f3"},"content":{"rendered":"\n<section class=\"privacy-policy\">\n    <p><strong>Hat\u00e1lyos:<\/strong> 2026. janu\u00e1r 25-t\u0151l<\/p>\n\n    <p>\n      <strong>Adatkezel\u0151:<\/strong> Dynamic Energy Kft.<br>\n      <strong>Weboldal:<\/strong> https:\/\/denapelem.hu<br>\n      <strong>E-mail:<\/strong> info@denapelem.hu\n    <\/p>\n\n    <h3>1. Az adatkezel\u00e9s c\u00e9lja<\/h3>\n    <p>\n      A Dynamic Energy Kft. az \u00d6n szem\u00e9lyes adatait az al\u00e1bbi c\u00e9lokra kezeli:\n    <\/p>\n    <ul>\n      <li>\u00c1raj\u00e1nlatok \u00e9s inform\u00e1ci\u00f3k k\u00fcld\u00e9se napelemes rendszerekkel kapcsolatban<\/li>\n      <li>Kapcsolattart\u00e1s \u00e9s \u00fcgyf\u00e9lszolg\u00e1lati feladatok ell\u00e1t\u00e1sa<\/li>\n      <li>A weboldal m\u0171k\u00f6dtet\u00e9se \u00e9s fejleszt\u00e9se<\/li>\n      <li>Jogszab\u00e1lyi k\u00f6telezetts\u00e9gek teljes\u00edt\u00e9se<\/li>\n    <\/ul>\n\n    <h3>2. Kezelt adatok k\u00f6re<\/h3>\n    <ul>\n      <li>N\u00e9v<\/li>\n      <li>E-mail c\u00edm<\/li>\n      <li>Telefonsz\u00e1m<\/li>\n      <li>C\u00e9gn\u00e9v, ad\u00f3sz\u00e1m, c\u00edm (\u00fczleti megkeres\u00e9s eset\u00e9n)<\/li>\n      <li>A kapcsolatfelv\u00e9tel sor\u00e1n megadott egy\u00e9b adatok<\/li>\n    <\/ul>\n\n    <h3>3. Az adatkezel\u00e9s jogalapja<\/h3>\n    <ul>\n      <li>Az \u00e9rintett hozz\u00e1j\u00e1rul\u00e1sa<\/li>\n      <li>Szerz\u0151d\u00e9s teljes\u00edt\u00e9se vagy el\u0151k\u00e9sz\u00edt\u00e9se<\/li>\n      <li>Jogszab\u00e1lyi k\u00f6telezetts\u00e9g teljes\u00edt\u00e9se<\/li>\n      <li>Jogos \u00e9rdek (pl. \u00fcgyf\u00e9lkapcsolat fenntart\u00e1sa)<\/li>\n    <\/ul>\n\n    <h3>4. Adattov\u00e1bb\u00edt\u00e1s<\/h3>\n    <p>\n      A szem\u00e9lyes adatokat harmadik f\u00e9l r\u00e9sz\u00e9re kiz\u00e1r\u00f3lag jogszab\u00e1lyi k\u00f6telezetts\u00e9g,\n      szerz\u0151d\u00e9s teljes\u00edt\u00e9se vagy szolg\u00e1ltat\u00f3ink (pl. t\u00e1rhelyszolg\u00e1ltat\u00f3) bevon\u00e1sa eset\u00e9n adjuk \u00e1t.\n    <\/p>\n\n    <h3>5. Adatmeg\u0151rz\u00e9s id\u0151tartama<\/h3>\n    <ul>\n      <li>Kapcsolatfelv\u00e9teli \u00e9s aj\u00e1nlatk\u00e9r\u00e9si adatok: a kapcsolat lez\u00e1r\u00e1s\u00e1t\u00f3l sz\u00e1m\u00edtott 5 \u00e9v<\/li>\n      <li>Marketing c\u00e9l\u00fa adatkezel\u00e9s: a hozz\u00e1j\u00e1rul\u00e1s visszavon\u00e1s\u00e1ig<\/li>\n    <\/ul>\n\n    <h3>6. Adatbiztons\u00e1g<\/h3>\n    <p>\n      A Dynamic Energy Kft. megfelel\u0151 technikai \u00e9s szervez\u00e9si int\u00e9zked\u00e9sekkel gondoskodik\n      a szem\u00e9lyes adatok biztons\u00e1g\u00e1r\u00f3l \u00e9s v\u00e9delm\u00e9r\u0151l.\n    <\/p>\n\n    <h3>7. Az \u00e9rintettek jogai<\/h3>\n    <ul>\n      <li>T\u00e1j\u00e9koztat\u00e1st k\u00e9rhet a kezelt adatokr\u00f3l<\/li>\n      <li>K\u00e9rheti adatai helyesb\u00edt\u00e9s\u00e9t vagy t\u00f6rl\u00e9s\u00e9t<\/li>\n      <li>K\u00e9rheti az adatkezel\u00e9s korl\u00e1toz\u00e1s\u00e1t<\/li>\n      <li>Visszavonhatja hozz\u00e1j\u00e1rul\u00e1s\u00e1t<\/li>\n      <li>Adathordozhat\u00f3s\u00e1ghoz val\u00f3 jog<\/li>\n      <li>Panaszt tehet a NAIH-n\u00e1l<\/li>\n    <\/ul>\n\n    <h3>8. Hozz\u00e1j\u00e1rul\u00e1s visszavon\u00e1sa<\/h3>\n    <p>\n      A hozz\u00e1j\u00e1rul\u00e1s b\u00e1rmikor visszavonhat\u00f3 az al\u00e1bbi el\u00e9rhet\u0151s\u00e9gen:\n      <strong>info@denapelem.hu<\/strong>\n    <\/p>\n\n    <h3>9. Kapcsolat<\/h3>\n    <p>\n      Amennyiben k\u00e9rd\u00e9se van az adatkezel\u00e9ssel kapcsolatban, vegye fel vel\u00fcnk a kapcsolatot:<br>\n      <strong>E-mail:<\/strong> info@denapelem.hu\n    <\/p>\n<\/section>\n","protected":false},"excerpt":{"rendered":"<p>Hat\u00e1lyos: 2026. janu\u00e1r 25-t\u0151l Adatkezel\u0151: Dynamic Energy Kft. Weboldal: https:\/\/denapelem.hu E-mail: info@denapelem.hu 1. Az adatkezel\u00e9s c\u00e9lja A Dynamic Energy Kft. az \u00d6n szem\u00e9lyes adatait az al\u00e1bbi c\u00e9lokra kezeli: \u00c1raj\u00e1nlatok \u00e9s inform\u00e1ci\u00f3k k\u00fcld\u00e9se napelemes rendszerekkel kapcsolatban Kapcsolattart\u00e1s \u00e9s \u00fcgyf\u00e9lszolg\u00e1lati feladatok ell\u00e1t\u00e1sa A weboldal m\u0171k\u00f6dtet\u00e9se \u00e9s fejleszt\u00e9se Jogszab\u00e1lyi k\u00f6telezetts\u00e9gek teljes\u00edt\u00e9se 2. Kezelt adatok k\u00f6re N\u00e9v E-mail c\u00edm [&hellip;]<\/p>\n","protected":false},"author":1,"featured_media":0,"parent":0,"menu_order":0,"comment_status":"closed","ping_status":"closed","template":"","meta":{"footnotes":""},"class_list":["post-34","page","type-page","status-publish","hentry"],"yoast_head":"<!-- This site is optimized with the Yoast SEO plugin v26.9 - https:\/\/yoast.com\/product\/yoast-seo-wordpress\/ -->\n<title>Adatkezel\u00e9si t\u00e1j\u00e9koztat\u00f3 - Dynamic Energy<\/title>\n<meta name=\"robots\" content=\"index, follow, max-snippet:-1, max-image-preview:large, max-video-preview:-1\" \/>\n<link rel=\"canonical\" href=\"https:\/\/denapelem.hu\/index.php\/adatkezelesi-tajekoztato\/\" \/>\n<meta property=\"og:locale\" content=\"hu_HU\" \/>\n<meta property=\"og:type\" content=\"article\" \/>\n<meta property=\"og:title\" content=\"Adatkezel\u00e9si t\u00e1j\u00e9koztat\u00f3 - Dynamic Energy\" \/>\n<meta property=\"og:description\" content=\"Hat\u00e1lyos: 2026. janu\u00e1r 25-t\u0151l Adatkezel\u0151: Dynamic Energy Kft. Weboldal: https:\/\/denapelem.hu E-mail: info@denapelem.hu 1. Az adatkezel\u00e9s c\u00e9lja A Dynamic Energy Kft. az \u00d6n szem\u00e9lyes adatait az al\u00e1bbi c\u00e9lokra kezeli: \u00c1raj\u00e1nlatok \u00e9s inform\u00e1ci\u00f3k k\u00fcld\u00e9se napelemes rendszerekkel kapcsolatban Kapcsolattart\u00e1s \u00e9s \u00fcgyf\u00e9lszolg\u00e1lati feladatok ell\u00e1t\u00e1sa A weboldal m\u0171k\u00f6dtet\u00e9se \u00e9s fejleszt\u00e9se Jogszab\u00e1lyi k\u00f6telezetts\u00e9gek teljes\u00edt\u00e9se 2. Kezelt adatok k\u00f6re N\u00e9v E-mail c\u00edm [&hellip;]\" \/>\n<meta property=\"og:url\" content=\"https:\/\/denapelem.hu\/index.php\/adatkezelesi-tajekoztato\/\" \/>\n<meta property=\"og:site_name\" content=\"Dynamic Energy\" \/>\n<meta property=\"article:modified_time\" content=\"2026-02-15T19:15:21+00:00\" \/>\n<meta name=\"twitter:card\" content=\"summary_large_image\" \/>\n<meta name=\"twitter:label1\" content=\"Becs\u00fclt olvas\u00e1si id\u0151\" \/>\n\t<meta name=\"twitter:data1\" content=\"2 perc\" \/>\n<script type=\"application\/ld+json\" class=\"yoast-schema-graph\">{\"@context\":\"https:\/\/schema.org\",\"@graph\":[{\"@type\":\"WebPage\",\"@id\":\"https:\/\/denapelem.hu\/index.php\/adatkezelesi-tajekoztato\/\",\"url\":\"https:\/\/denapelem.hu\/index.php\/adatkezelesi-tajekoztato\/\",\"name\":\"Adatkezel\u00e9si t\u00e1j\u00e9koztat\u00f3 - Dynamic Energy\",\"isPartOf\":{\"@id\":\"https:\/\/denapelem.hu\/#website\"},\"datePublished\":\"2026-01-25T20:45:23+00:00\",\"dateModified\":\"2026-02-15T19:15:21+00:00\",\"breadcrumb\":{\"@id\":\"https:\/\/denapelem.hu\/index.php\/adatkezelesi-tajekoztato\/#breadcrumb\"},\"inLanguage\":\"hu\",\"potentialAction\":[{\"@type\":\"ReadAction\",\"target\":[\"https:\/\/denapelem.hu\/index.php\/adatkezelesi-tajekoztato\/\"]}]},{\"@type\":\"BreadcrumbList\",\"@id\":\"https:\/\/denapelem.hu\/index.php\/adatkezelesi-tajekoztato\/#breadcrumb\",\"itemListElement\":[{\"@type\":\"ListItem\",\"position\":1,\"name\":\"Kezd\u0151lap\",\"item\":\"https:\/\/denapelem.hu\/\"},{\"@type\":\"ListItem\",\"position\":2,\"name\":\"Adatkezel\u00e9si t\u00e1j\u00e9koztat\u00f3\"}]},{\"@type\":\"WebSite\",\"@id\":\"https:\/\/denapelem.hu\/#website\",\"url\":\"https:\/\/denapelem.hu\/\",\"name\":\"Dynamic Energy\",\"description\":\"\",\"publisher\":{\"@id\":\"https:\/\/denapelem.hu\/#\/schema\/person\/d008cb44a62a43d9b71ddb7ee6a7936b\"},\"potentialAction\":[{\"@type\":\"SearchAction\",\"target\":{\"@type\":\"EntryPoint\",\"urlTemplate\":\"https:\/\/denapelem.hu\/?s={search_term_string}\"},\"query-input\":{\"@type\":\"PropertyValueSpecification\",\"valueRequired\":true,\"valueName\":\"search_term_string\"}}],\"inLanguage\":\"hu\"},{\"@type\":[\"Person\",\"Organization\"],\"@id\":\"https:\/\/denapelem.hu\/#\/schema\/person\/d008cb44a62a43d9b71ddb7ee6a7936b\",\"name\":\"admin\",\"image\":{\"@type\":\"ImageObject\",\"inLanguage\":\"hu\",\"@id\":\"https:\/\/denapelem.hu\/#\/schema\/person\/image\/\",\"url\":\"https:\/\/denapelem.hu\/wp-content\/uploads\/2026\/01\/dynamic_logo.png\",\"contentUrl\":\"https:\/\/denapelem.hu\/wp-content\/uploads\/2026\/01\/dynamic_logo.png\",\"width\":800,\"height\":800,\"caption\":\"admin\"},\"logo\":{\"@id\":\"https:\/\/denapelem.hu\/#\/schema\/person\/image\/\"},\"sameAs\":[\"https:\/\/denapelem.hu\"]}]}<\/script>\n<!-- \/ Yoast SEO plugin. -->","yoast_head_json":{"title":"Adatkezel\u00e9si t\u00e1j\u00e9koztat\u00f3 - Dynamic Energy","robots":{"index":"index","follow":"follow","max-snippet":"max-snippet:-1","max-image-preview":"max-image-preview:large","max-video-preview":"max-video-preview:-1"},"canonical":"https:\/\/denapelem.hu\/index.php\/adatkezelesi-tajekoztato\/","og_locale":"hu_HU","og_type":"article","og_title":"Adatkezel\u00e9si t\u00e1j\u00e9koztat\u00f3 - Dynamic Energy","og_description":"Hat\u00e1lyos: 2026. janu\u00e1r 25-t\u0151l Adatkezel\u0151: Dynamic Energy Kft. Weboldal: https:\/\/denapelem.hu E-mail: info@denapelem.hu 1. Az adatkezel\u00e9s c\u00e9lja A Dynamic Energy Kft. az \u00d6n szem\u00e9lyes adatait az al\u00e1bbi c\u00e9lokra kezeli: \u00c1raj\u00e1nlatok \u00e9s inform\u00e1ci\u00f3k k\u00fcld\u00e9se napelemes rendszerekkel kapcsolatban Kapcsolattart\u00e1s \u00e9s \u00fcgyf\u00e9lszolg\u00e1lati feladatok ell\u00e1t\u00e1sa A weboldal m\u0171k\u00f6dtet\u00e9se \u00e9s fejleszt\u00e9se Jogszab\u00e1lyi k\u00f6telezetts\u00e9gek teljes\u00edt\u00e9se 2. Kezelt adatok k\u00f6re N\u00e9v E-mail c\u00edm [&hellip;]","og_url":"https:\/\/denapelem.hu\/index.php\/adatkezelesi-tajekoztato\/","og_site_name":"Dynamic Energy","article_modified_time":"2026-02-15T19:15:21+00:00","twitter_card":"summary_large_image","twitter_misc":{"Becs\u00fclt olvas\u00e1si id\u0151":"2 perc"},"schema":{"@context":"https:\/\/schema.org","@graph":[{"@type":"WebPage","@id":"https:\/\/denapelem.hu\/index.php\/adatkezelesi-tajekoztato\/","url":"https:\/\/denapelem.hu\/index.php\/adatkezelesi-tajekoztato\/","name":"Adatkezel\u00e9si t\u00e1j\u00e9koztat\u00f3 - Dynamic Energy","isPartOf":{"@id":"https:\/\/denapelem.hu\/#website"},"datePublished":"2026-01-25T20:45:23+00:00","dateModified":"2026-02-15T19:15:21+00:00","breadcrumb":{"@id":"https:\/\/denapelem.hu\/index.php\/adatkezelesi-tajekoztato\/#breadcrumb"},"inLanguage":"hu","potentialAction":[{"@type":"ReadAction","target":["https:\/\/denapelem.hu\/index.php\/adatkezelesi-tajekoztato\/"]}]},{"@type":"BreadcrumbList","@id":"https:\/\/denapelem.hu\/index.php\/adatkezelesi-tajekoztato\/#breadcrumb","itemListElement":[{"@type":"ListItem","position":1,"name":"Kezd\u0151lap","item":"https:\/\/denapelem.hu\/"},{"@type":"ListItem","position":2,"name":"Adatkezel\u00e9si t\u00e1j\u00e9koztat\u00f3"}]},{"@type":"WebSite","@id":"https:\/\/denapelem.hu\/#website","url":"https:\/\/denapelem.hu\/","name":"Dynamic Energy","description":"","publisher":{"@id":"https:\/\/denapelem.hu\/#\/schema\/person\/d008cb44a62a43d9b71ddb7ee6a7936b"},"potentialAction":[{"@type":"SearchAction","target":{"@type":"EntryPoint","urlTemplate":"https:\/\/denapelem.hu\/?s={search_term_string}"},"query-input":{"@type":"PropertyValueSpecification","valueRequired":true,"valueName":"search_term_string"}}],"inLanguage":"hu"},{"@type":["Person","Organization"],"@id":"https:\/\/denapelem.hu\/#\/schema\/person\/d008cb44a62a43d9b71ddb7ee6a7936b","name":"admin","image":{"@type":"ImageObject","inLanguage":"hu","@id":"https:\/\/denapelem.hu\/#\/schema\/person\/image\/","url":"https:\/\/denapelem.hu\/wp-content\/uploads\/2026\/01\/dynamic_logo.png","contentUrl":"https:\/\/denapelem.hu\/wp-content\/uploads\/2026\/01\/dynamic_logo.png","width":800,"height":800,"caption":"admin"},"logo":{"@id":"https:\/\/denapelem.hu\/#\/schema\/person\/image\/"},"sameAs":["https:\/\/denapelem.hu"]}]}},"_links":{"self":[{"href":"https:\/\/denapelem.hu\/index.php\/wp-json\/wp\/v2\/pages\/34","targetHints":{"allow":["GET"]}}],"collection":[{"href":"https:\/\/denapelem.hu\/index.php\/wp-json\/wp\/v2\/pages"}],"about":[{"href":"https:\/\/denapelem.hu\/index.php\/wp-json\/wp\/v2\/types\/page"}],"author":[{"embeddable":true,"href":"https:\/\/denapelem.hu\/index.php\/wp-json\/wp\/v2\/users\/1"}],"replies":[{"embeddable":true,"href":"https:\/\/denapelem.hu\/index.php\/wp-json\/wp\/v2\/comments?post=34"}],"version-history":[{"count":4,"href":"https:\/\/denapelem.hu\/index.php\/wp-json\/wp\/v2\/pages\/34\/revisions"}],"predecessor-version":[{"id":112,"href":"https:\/\/denapelem.hu\/index.php\/wp-json\/wp\/v2\/pages\/34\/revisions\/112"}],"wp:attachment":[{"href":"https:\/\/denapelem.hu\/index.php\/wp-json\/wp\/v2\/media?parent=34"}],"curies":[{"name":"wp","href":"https:\/\/api.w.org\/{rel}","templated":true}]}}