{"id":29,"date":"2026-01-25T20:10:30","date_gmt":"2026-01-25T20:10:30","guid":{"rendered":"https:\/\/denapelem.hu\/?page_id=29"},"modified":"2026-02-15T19:08:55","modified_gmt":"2026-02-15T19:08:55","slug":"napelem-telepites","status":"publish","type":"page","link":"https:\/\/denapelem.hu\/","title":{"rendered":""},"content":{"rendered":"\n<main>\n    <section class=\"offer\">\n        <h2>Mi\u00e9rt \u00e9ri meg a napelemes rendszer?<\/h2>\n      <div class=\"card-container\">\n      <div class=\"card-grid\">\n          <div class=\"cards\">\n          <!-- 1 CARD -->\n          <div class=\"card\">\n            <img decoding=\"async\" src=\"https:\/\/denapelem.hu\/wp-content\/uploads\/2026\/01\/save-money.png\" alt=\"megtakaritas\">\n            <h3>Jelent\u0151s megtakar\u00edt\u00e1s az energiak\u00f6lts\u00e9geken<\/h3>\n            <ul>\n                <li>Saj\u00e1t \u00e1ramtermel\u00e9s a nap energi\u00e1j\u00e1b\u00f3l<\/li>\n                <li>Jelent\u0151sen cs\u00f6kken\u0151 villanysz\u00e1mla<\/li>\n                <li>Hossz\u00fa t\u00e1von kisz\u00e1m\u00edthat\u00f3 energiak\u00f6lts\u00e9gek<\/li>\n                <li>25\u201330 \u00e9v \u00e9lettartam<\/li>\n            <\/ul>\n          <\/div>\n          <!-- 2 CARD -->  \n          <div class=\"card\">\n            <img decoding=\"async\" src=\"https:\/\/denapelem.hu\/wp-content\/uploads\/2026\/01\/safety.png\" alt=\"megterules\">\n            <h3>Gyors megt\u00e9r\u00fcl\u00e9s<\/h3>\n            <ul>\n                <li>N\u00e9h\u00e1ny \u00e9ven bel\u00fcli megt\u00e9r\u00fcl\u00e9s<\/li>\n                <li>V\u00e9d az energia\u00e1r-emelked\u00e9sek ellen<\/li>\n                <li>Hossz\u00fa t\u00e1von nyeres\u00e9ges beruh\u00e1z\u00e1s<\/li>\n            <\/ul>\n          <\/div>\n          <!-- 3 CARD -->  \n          <div class=\"card\">\n            <img decoding=\"async\" src=\"https:\/\/denapelem.hu\/wp-content\/uploads\/2026\/01\/energy.png\" alt=\"kornyezetvedelem\">\n            <h3>K\u00f6rnyezetv\u00e9delem<\/h3>\n            <ul>\n                <li>Meg\u00fajul\u00f3, tiszta energiaforr\u00e1s<\/li>\n                <li>Cs\u00f6kken\u0151 sz\u00e9n-dioxid-kibocs\u00e1t\u00e1s<\/li>\n                <li>Fenntarthat\u00f3, id\u0151t\u00e1ll\u00f3 megold\u00e1s<\/li>\n            <\/ul>\n          <\/div>\n          <!-- 4 CARD -->  \n          <div class=\"card\">\n            <img decoding=\"async\" src=\"https:\/\/denapelem.hu\/wp-content\/uploads\/2026\/01\/solar-energy.png\" alt=\"energia\">\n            <h3>Energiaf\u00fcggetlens\u00e9g<\/h3>\n            <ul>\n                <li>Kev\u00e9sb\u00e9 f\u00fcggsz az \u00e1ramszolg\u00e1ltat\u00f3t\u00f3l<\/li>\n                <li>Stabil energiaell\u00e1t\u00e1s<\/li>\n                <li>Hibrid vagy sziget\u00fczem\u0171 rendszerrel az \u00e1ramsz\u00fcnetek \u00e9s h\u00e1l\u00f3zati karbantart\u00e1sok sem jelentenek probl\u00e9m\u00e1t.<\/li>\n            <\/ul>\n          <\/div>\n         <\/div>\n        <\/div>\n       <\/div>  \n    <\/section>\n    <section class=\"about\" id=\"rolunk\">\n        <div class=\"feature-layout\">\n          <div class=\"feature-content\">\n            <h2>R\u00f3lunk<\/h2>\n                <p>2014 \u00f3ta seg\u00edt\u00fcnk \u00fcgyfeleinknek a fenntarthat\u00f3 energia megold\u00e1sokban. T\u00f6bb mint\u00a030 \u00e9v villanyszerel\u00e9si tapasztalat,\u00a0villamosm\u00e9rn\u00f6ki tervez\u00e9s, \u00e9s\u00a010+ \u00e9v szak\u00e9rtelem a HMKE rendszerekben.<\/p>\n                <br>\n                <p>Mag\u00e1n- \u00e9s \u00e1llami projektekben egyar\u00e1nt otthon vagyunk.Pest \u00e9s Fej\u00e9r megy\u00e9ben ingyenes felm\u00e9r\u00e9st\u00a0biztos\u00edtunk,el\u0151zetes \u00e1raj\u00e1nlatot pedig e-mailben k\u00e9rhet \u2013 csak k\u00fcldje el az elk\u00e9pzelt kW teljes\u00edtm\u00e9nyt \u00e9s a tet\u0151fot\u00f3t!<\/p>\n              <\/div>\n              <div class=\"feature-image\">\n                <img decoding=\"async\" src=\"https:\/\/denapelem.hu\/wp-content\/uploads\/2026\/01\/napelem.jpg\" alt=\"napelemes rendszer csal\u00e1di h\u00e1zon\">\n                <\/div>\n        <\/div>\n    <\/section>\n    <section class=\"services\" id=\"szolgaltatasok\">\n        <h2>Szolg\u00e1ltat\u00e1sok<\/h2>\n        <section class=\"cards-section\">\n          <div class=\"container\">\n            <div class=\"cards-wrapper\">\n            <!-- 1 CARD -->\n              <div class=\"service-card\">\n                <div>\n                <img decoding=\"async\" src=\"https:\/\/denapelem.hu\/wp-content\/uploads\/2026\/01\/solar.png\" alt=\"napelemes rendszer telepites\">\n                <\/div> \n                <h3>Telep\u00edt\u00e9s<\/h3>\n                <p>Szakszer\u0171, gyors \u00e9s megb\u00edzhat\u00f3 napelemes rendszer telep\u00edt\u00e9s kulcsrak\u00e9szen.<\/p>\n              <\/div>\n            <!-- 2 CARD -->\n              <div class=\"service-card\">\n                <div> \n                <img decoding=\"async\" src=\"https:\/\/denapelem.hu\/wp-content\/uploads\/2026\/01\/cell.png\" alt=\"napelemes rendszer fejlesztes\">\n                <\/div> \n                <h3>Fejleszt\u00e9s<\/h3>\n                <p>Megl\u00e9v\u0151 napelemes rendszer teljes\u00edtm\u00e9ny\u00e9nek n\u00f6vel\u00e9se invertercser\u00e9vel, b\u0151v\u00edt\u00e9ssel \u00e9s energiat\u00e1rol\u00e1si megold\u00e1sok integr\u00e1l\u00e1s\u00e1val.<\/p>\n              <\/div>\n             <!-- 3 CARD -->\n              <div class=\"service-card\">\n                <div>\n                <img decoding=\"async\" src=\"https:\/\/denapelem.hu\/wp-content\/uploads\/2026\/01\/setting.png\" alt=\"karbantartas\">\n                <\/div>\n                <h3>Karbantart\u00e1s<\/h3>\n                <p>Teljes napelemes rendszerek fel\u00fclvizsg\u00e1lata, jav\u00edt\u00e1sa, optimaliz\u00e1l\u00e1sa, tiszt\u00edt\u00e1sa.<\/p>\n              <\/div>\n            <\/div>\n              <div class=\"s-button\">\n                <a href=\"#kapcsolat\" class=\"btn\">Aj\u00e1nlatk\u00e9r\u00e9s<\/a>\n              <\/div>\n          <\/div>\n        <\/section>\n    <\/section>\n  <!-- REFERENCES -->\n  <section class=\"references\" id=\"referenciak\">\n  <h2>Referenci\u00e1k<\/h2>\n  <div class=\"carousel\">\n    <div class=\"carousel-track\">\n      <div class=\"carousel-item\">\n        <img decoding=\"async\" src=\"https:\/\/denapelem.hu\/wp-content\/uploads\/2026\/01\/photo2.png\" alt=\"Referencia 1\">\n      <\/div>\n      <div class=\"carousel-item\">\n        <img decoding=\"async\" src=\"https:\/\/denapelem.hu\/wp-content\/uploads\/2026\/01\/photo3.png\" alt=\"Referencia 2\">\n      <\/div>\n      <div class=\"carousel-item\">\n        <img decoding=\"async\" src=\"https:\/\/denapelem.hu\/wp-content\/uploads\/2026\/01\/photo1.png\" alt=\"Referencia 3\">\n      <\/div>\n      <div class=\"carousel-item\">\n        <img decoding=\"async\" src=\"https:\/\/denapelem.hu\/wp-content\/uploads\/2026\/01\/photo4.png\" alt=\"Referencia 4\">\n      <\/div>\n      <div class=\"carousel-item\">\n        <img decoding=\"async\" src=\"https:\/\/denapelem.hu\/wp-content\/uploads\/2026\/01\/photo5.png\" alt=\"Referencia 5\">\n      <\/div>\n      <div class=\"carousel-item\">\n        <img decoding=\"async\" src=\"https:\/\/denapelem.hu\/wp-content\/uploads\/2026\/01\/photo6.png\" alt=\"Referencia 6\">\n      <\/div>\n      <!-- DOTS ide j\u00f6nnek JS-b\u0151l -->\n        <div class=\"carousel-dots\"><\/div>\n    <\/div>\n  <\/div>\n<\/section>\n<\/main>\n","protected":false},"excerpt":{"rendered":"<p>Mi\u00e9rt \u00e9ri meg a napelemes rendszer? Jelent\u0151s megtakar\u00edt\u00e1s az energiak\u00f6lts\u00e9geken Saj\u00e1t \u00e1ramtermel\u00e9s a nap energi\u00e1j\u00e1b\u00f3l Jelent\u0151sen cs\u00f6kken\u0151 villanysz\u00e1mla Hossz\u00fa t\u00e1von kisz\u00e1m\u00edthat\u00f3 energiak\u00f6lts\u00e9gek 25\u201330 \u00e9v \u00e9lettartam Gyors megt\u00e9r\u00fcl\u00e9s N\u00e9h\u00e1ny \u00e9ven bel\u00fcli megt\u00e9r\u00fcl\u00e9s V\u00e9d az energia\u00e1r-emelked\u00e9sek ellen Hossz\u00fa t\u00e1von nyeres\u00e9ges beruh\u00e1z\u00e1s K\u00f6rnyezetv\u00e9delem Meg\u00fajul\u00f3, tiszta energiaforr\u00e1s Cs\u00f6kken\u0151 sz\u00e9n-dioxid-kibocs\u00e1t\u00e1s Fenntarthat\u00f3, id\u0151t\u00e1ll\u00f3 megold\u00e1s Energiaf\u00fcggetlens\u00e9g Kev\u00e9sb\u00e9 f\u00fcggsz az \u00e1ramszolg\u00e1ltat\u00f3t\u00f3l Stabil energiaell\u00e1t\u00e1s [&hellip;]<\/p>\n","protected":false},"author":1,"featured_media":0,"parent":0,"menu_order":0,"comment_status":"closed","ping_status":"closed","template":"","meta":{"footnotes":""},"class_list":["post-29","page","type-page","status-publish","hentry"],"yoast_head":"<!-- This site is optimized with the Yoast SEO plugin v26.9 - https:\/\/yoast.com\/product\/yoast-seo-wordpress\/ -->\n<title>- Dynamic Energy<\/title>\n<meta name=\"description\" content=\"Napelem telep\u00edt\u00e9s gyorsan \u00e9s megb\u00edzhat\u00f3an, teljes k\u00f6r\u0171 \u00fcgyint\u00e9z\u00e9ssel. Tervez\u00e9s, kivitelez\u00e9s \u00e9s t\u00e1mogat\u00e1s egy k\u00e9zben, hogy otthona energiatakar\u00e9kos \u00e9s fenntarthat\u00f3 legyen.\" \/>\n<meta name=\"robots\" content=\"index, follow, max-snippet:-1, max-image-preview:large, max-video-preview:-1\" \/>\n<link rel=\"canonical\" href=\"https:\/\/denapelem.hu\/\" \/>\n<meta property=\"og:locale\" content=\"hu_HU\" \/>\n<meta property=\"og:type\" content=\"article\" \/>\n<meta property=\"og:title\" content=\"- Dynamic Energy\" \/>\n<meta property=\"og:description\" content=\"Napelem telep\u00edt\u00e9s gyorsan \u00e9s megb\u00edzhat\u00f3an, teljes k\u00f6r\u0171 \u00fcgyint\u00e9z\u00e9ssel. Tervez\u00e9s, kivitelez\u00e9s \u00e9s t\u00e1mogat\u00e1s egy k\u00e9zben, hogy otthona energiatakar\u00e9kos \u00e9s fenntarthat\u00f3 legyen.\" \/>\n<meta property=\"og:url\" content=\"https:\/\/denapelem.hu\/\" \/>\n<meta property=\"og:site_name\" content=\"Dynamic Energy\" \/>\n<meta property=\"article:modified_time\" content=\"2026-02-15T19:08:55+00:00\" \/>\n<meta property=\"og:image\" content=\"https:\/\/denapelem.hu\/wp-content\/uploads\/2026\/01\/save-money.png\" \/>\n<meta name=\"twitter:card\" content=\"summary_large_image\" \/>\n<meta name=\"twitter:label1\" content=\"Becs\u00fclt olvas\u00e1si id\u0151\" \/>\n\t<meta name=\"twitter:data1\" content=\"4 perc\" \/>\n<script type=\"application\/ld+json\" class=\"yoast-schema-graph\">{\"@context\":\"https:\/\/schema.org\",\"@graph\":[{\"@type\":\"WebPage\",\"@id\":\"https:\/\/denapelem.hu\/\",\"url\":\"https:\/\/denapelem.hu\/\",\"name\":\"- Dynamic Energy\",\"isPartOf\":{\"@id\":\"https:\/\/denapelem.hu\/#website\"},\"primaryImageOfPage\":{\"@id\":\"https:\/\/denapelem.hu\/#primaryimage\"},\"image\":{\"@id\":\"https:\/\/denapelem.hu\/#primaryimage\"},\"thumbnailUrl\":\"https:\/\/denapelem.hu\/wp-content\/uploads\/2026\/01\/save-money.png\",\"datePublished\":\"2026-01-25T20:10:30+00:00\",\"dateModified\":\"2026-02-15T19:08:55+00:00\",\"description\":\"Napelem telep\u00edt\u00e9s gyorsan \u00e9s megb\u00edzhat\u00f3an, teljes k\u00f6r\u0171 \u00fcgyint\u00e9z\u00e9ssel. Tervez\u00e9s, kivitelez\u00e9s \u00e9s t\u00e1mogat\u00e1s egy k\u00e9zben, hogy otthona energiatakar\u00e9kos \u00e9s fenntarthat\u00f3 legyen.\",\"inLanguage\":\"hu\",\"potentialAction\":[{\"@type\":\"ReadAction\",\"target\":[\"https:\/\/denapelem.hu\/\"]}]},{\"@type\":\"ImageObject\",\"inLanguage\":\"hu\",\"@id\":\"https:\/\/denapelem.hu\/#primaryimage\",\"url\":\"https:\/\/denapelem.hu\/wp-content\/uploads\/2026\/01\/save-money.png\",\"contentUrl\":\"https:\/\/denapelem.hu\/wp-content\/uploads\/2026\/01\/save-money.png\",\"width\":512,\"height\":512},{\"@type\":\"WebSite\",\"@id\":\"https:\/\/denapelem.hu\/#website\",\"url\":\"https:\/\/denapelem.hu\/\",\"name\":\"Dynamic Energy\",\"description\":\"\",\"publisher\":{\"@id\":\"https:\/\/denapelem.hu\/#\/schema\/person\/d008cb44a62a43d9b71ddb7ee6a7936b\"},\"potentialAction\":[{\"@type\":\"SearchAction\",\"target\":{\"@type\":\"EntryPoint\",\"urlTemplate\":\"https:\/\/denapelem.hu\/?s={search_term_string}\"},\"query-input\":{\"@type\":\"PropertyValueSpecification\",\"valueRequired\":true,\"valueName\":\"search_term_string\"}}],\"inLanguage\":\"hu\"},{\"@type\":[\"Person\",\"Organization\"],\"@id\":\"https:\/\/denapelem.hu\/#\/schema\/person\/d008cb44a62a43d9b71ddb7ee6a7936b\",\"name\":\"admin\",\"image\":{\"@type\":\"ImageObject\",\"inLanguage\":\"hu\",\"@id\":\"https:\/\/denapelem.hu\/#\/schema\/person\/image\/\",\"url\":\"https:\/\/denapelem.hu\/wp-content\/uploads\/2026\/01\/dynamic_logo.png\",\"contentUrl\":\"https:\/\/denapelem.hu\/wp-content\/uploads\/2026\/01\/dynamic_logo.png\",\"width\":800,\"height\":800,\"caption\":\"admin\"},\"logo\":{\"@id\":\"https:\/\/denapelem.hu\/#\/schema\/person\/image\/\"},\"sameAs\":[\"https:\/\/denapelem.hu\"]}]}<\/script>\n<!-- \/ Yoast SEO plugin. -->","yoast_head_json":{"title":"- Dynamic Energy","description":"Napelem telep\u00edt\u00e9s gyorsan \u00e9s megb\u00edzhat\u00f3an, teljes k\u00f6r\u0171 \u00fcgyint\u00e9z\u00e9ssel. Tervez\u00e9s, kivitelez\u00e9s \u00e9s t\u00e1mogat\u00e1s egy k\u00e9zben, hogy otthona energiatakar\u00e9kos \u00e9s fenntarthat\u00f3 legyen.","robots":{"index":"index","follow":"follow","max-snippet":"max-snippet:-1","max-image-preview":"max-image-preview:large","max-video-preview":"max-video-preview:-1"},"canonical":"https:\/\/denapelem.hu\/","og_locale":"hu_HU","og_type":"article","og_title":"- Dynamic Energy","og_description":"Napelem telep\u00edt\u00e9s gyorsan \u00e9s megb\u00edzhat\u00f3an, teljes k\u00f6r\u0171 \u00fcgyint\u00e9z\u00e9ssel. Tervez\u00e9s, kivitelez\u00e9s \u00e9s t\u00e1mogat\u00e1s egy k\u00e9zben, hogy otthona energiatakar\u00e9kos \u00e9s fenntarthat\u00f3 legyen.","og_url":"https:\/\/denapelem.hu\/","og_site_name":"Dynamic Energy","article_modified_time":"2026-02-15T19:08:55+00:00","og_image":[{"url":"https:\/\/denapelem.hu\/wp-content\/uploads\/2026\/01\/save-money.png","type":"","width":"","height":""}],"twitter_card":"summary_large_image","twitter_misc":{"Becs\u00fclt olvas\u00e1si id\u0151":"4 perc"},"schema":{"@context":"https:\/\/schema.org","@graph":[{"@type":"WebPage","@id":"https:\/\/denapelem.hu\/","url":"https:\/\/denapelem.hu\/","name":"- Dynamic Energy","isPartOf":{"@id":"https:\/\/denapelem.hu\/#website"},"primaryImageOfPage":{"@id":"https:\/\/denapelem.hu\/#primaryimage"},"image":{"@id":"https:\/\/denapelem.hu\/#primaryimage"},"thumbnailUrl":"https:\/\/denapelem.hu\/wp-content\/uploads\/2026\/01\/save-money.png","datePublished":"2026-01-25T20:10:30+00:00","dateModified":"2026-02-15T19:08:55+00:00","description":"Napelem telep\u00edt\u00e9s gyorsan \u00e9s megb\u00edzhat\u00f3an, teljes k\u00f6r\u0171 \u00fcgyint\u00e9z\u00e9ssel. Tervez\u00e9s, kivitelez\u00e9s \u00e9s t\u00e1mogat\u00e1s egy k\u00e9zben, hogy otthona energiatakar\u00e9kos \u00e9s fenntarthat\u00f3 legyen.","inLanguage":"hu","potentialAction":[{"@type":"ReadAction","target":["https:\/\/denapelem.hu\/"]}]},{"@type":"ImageObject","inLanguage":"hu","@id":"https:\/\/denapelem.hu\/#primaryimage","url":"https:\/\/denapelem.hu\/wp-content\/uploads\/2026\/01\/save-money.png","contentUrl":"https:\/\/denapelem.hu\/wp-content\/uploads\/2026\/01\/save-money.png","width":512,"height":512},{"@type":"WebSite","@id":"https:\/\/denapelem.hu\/#website","url":"https:\/\/denapelem.hu\/","name":"Dynamic Energy","description":"","publisher":{"@id":"https:\/\/denapelem.hu\/#\/schema\/person\/d008cb44a62a43d9b71ddb7ee6a7936b"},"potentialAction":[{"@type":"SearchAction","target":{"@type":"EntryPoint","urlTemplate":"https:\/\/denapelem.hu\/?s={search_term_string}"},"query-input":{"@type":"PropertyValueSpecification","valueRequired":true,"valueName":"search_term_string"}}],"inLanguage":"hu"},{"@type":["Person","Organization"],"@id":"https:\/\/denapelem.hu\/#\/schema\/person\/d008cb44a62a43d9b71ddb7ee6a7936b","name":"admin","image":{"@type":"ImageObject","inLanguage":"hu","@id":"https:\/\/denapelem.hu\/#\/schema\/person\/image\/","url":"https:\/\/denapelem.hu\/wp-content\/uploads\/2026\/01\/dynamic_logo.png","contentUrl":"https:\/\/denapelem.hu\/wp-content\/uploads\/2026\/01\/dynamic_logo.png","width":800,"height":800,"caption":"admin"},"logo":{"@id":"https:\/\/denapelem.hu\/#\/schema\/person\/image\/"},"sameAs":["https:\/\/denapelem.hu"]}]}},"_links":{"self":[{"href":"https:\/\/denapelem.hu\/index.php\/wp-json\/wp\/v2\/pages\/29","targetHints":{"allow":["GET"]}}],"collection":[{"href":"https:\/\/denapelem.hu\/index.php\/wp-json\/wp\/v2\/pages"}],"about":[{"href":"https:\/\/denapelem.hu\/index.php\/wp-json\/wp\/v2\/types\/page"}],"author":[{"embeddable":true,"href":"https:\/\/denapelem.hu\/index.php\/wp-json\/wp\/v2\/users\/1"}],"replies":[{"embeddable":true,"href":"https:\/\/denapelem.hu\/index.php\/wp-json\/wp\/v2\/comments?post=29"}],"version-history":[{"count":22,"href":"https:\/\/denapelem.hu\/index.php\/wp-json\/wp\/v2\/pages\/29\/revisions"}],"predecessor-version":[{"id":110,"href":"https:\/\/denapelem.hu\/index.php\/wp-json\/wp\/v2\/pages\/29\/revisions\/110"}],"wp:attachment":[{"href":"https:\/\/denapelem.hu\/index.php\/wp-json\/wp\/v2\/media?parent=29"}],"curies":[{"name":"wp","href":"https:\/\/api.w.org\/{rel}","templated":true}]}}